{"id":26,"date":"2020-08-29T16:56:37","date_gmt":"2020-08-29T16:56:37","guid":{"rendered":"http:\/\/xn--dekormoj-gza.hu\/?page_id=26"},"modified":"2020-09-12T13:01:45","modified_gmt":"2020-09-12T13:01:45","slug":"fooldal","status":"publish","type":"page","link":"https:\/\/xn--dekormoj-gza.hu\/","title":{"rendered":"F\u0151oldal"},"content":{"rendered":"\t\t<div data-elementor-type=\"wp-post\" data-elementor-id=\"26\" class=\"elementor elementor-26\" data-elementor-settings=\"[]\">\n\t\t\t\t\t\t<div class=\"elementor-inner\">\n\t\t\t\t\t\t\t<div class=\"elementor-section-wrap\">\n\t\t\t\t\t\t\t<section class=\"elementor-section elementor-top-section elementor-element elementor-element-6c3dc66 elementor-section-boxed elementor-section-height-default elementor-section-height-default\" data-id=\"6c3dc66\" data-element_type=\"section\" data-settings=\"{&quot;background_background&quot;:&quot;slideshow&quot;,&quot;background_slideshow_gallery&quot;:[{&quot;id&quot;:48,&quot;url&quot;:&quot;http:\\\/\\\/xn--dekormoj-gza.hu\\\/wp-content\\\/uploads\\\/2020\\\/09\\\/Background-image.jpg&quot;}],&quot;background_slideshow_slide_duration&quot;:5000,&quot;background_slideshow_slide_transition&quot;:&quot;fade&quot;,&quot;background_slideshow_transition_duration&quot;:500}\">\n\t\t\t\t\t\t<div class=\"elementor-container elementor-column-gap-default\">\n\t\t\t\t\t\t\t<div class=\"elementor-row\">\n\t\t\t\t\t<div class=\"elementor-column elementor-col-33 elementor-top-column elementor-element elementor-element-f80720c\" data-id=\"f80720c\" data-element_type=\"column\">\n\t\t\t<div class=\"elementor-column-wrap\">\n\t\t\t\t\t\t\t<div class=\"elementor-widget-wrap\">\n\t\t\t\t\t\t\t\t<\/div>\n\t\t\t\t\t<\/div>\n\t\t<\/div>\n\t\t\t\t<div class=\"elementor-column elementor-col-33 elementor-top-column elementor-element elementor-element-a3ee286\" data-id=\"a3ee286\" data-element_type=\"column\">\n\t\t\t<div class=\"elementor-column-wrap elementor-element-populated\">\n\t\t\t\t\t\t\t<div class=\"elementor-widget-wrap\">\n\t\t\t\t\t\t<div class=\"elementor-element elementor-element-841a4c1 elementor-widget elementor-widget-spacer\" data-id=\"841a4c1\" data-element_type=\"widget\" data-widget_type=\"spacer.default\">\n\t\t\t\t<div class=\"elementor-widget-container\">\n\t\t\t\t\t<div class=\"elementor-spacer\">\n\t\t\t<div class=\"elementor-spacer-inner\"><\/div>\n\t\t<\/div>\n\t\t\t\t<\/div>\n\t\t\t\t<\/div>\n\t\t\t\t<div class=\"elementor-element elementor-element-f716147 elementor-widget elementor-widget-image\" data-id=\"f716147\" data-element_type=\"widget\" data-widget_type=\"image.default\">\n\t\t\t\t<div class=\"elementor-widget-container\">\n\t\t\t\t\t<div class=\"elementor-image\">\n\t\t\t\t\t\t\t\t\t\t<img width=\"250\" height=\"85\" src=\"https:\/\/xn--dekormoj-gza.hu\/wp-content\/uploads\/2020\/09\/SCREEN-masolata-masolata.png\" class=\"attachment-large size-large\" alt=\"\" loading=\"lazy\" \/>\t\t\t\t\t\t\t\t\t\t\t<\/div>\n\t\t\t\t<\/div>\n\t\t\t\t<\/div>\n\t\t\t\t<div class=\"elementor-element elementor-element-33c24f6 elementor-widget elementor-widget-text-editor\" data-id=\"33c24f6\" data-element_type=\"widget\" data-widget_type=\"text-editor.default\">\n\t\t\t\t<div class=\"elementor-widget-container\">\n\t\t\t\t\t<div class=\"elementor-text-editor elementor-clearfix\"><div><b>Rekl\u00e1m grafikai st\u00fadi\u00f3<\/b><\/div>\n<div>Duna\u00fajv\u00e1ros<\/div><\/div>\n\t\t\t\t<\/div>\n\t\t\t\t<\/div>\n\t\t\t\t<div class=\"elementor-element elementor-element-0bf1ee7 elementor-widget elementor-widget-text-editor\" data-id=\"0bf1ee7\" data-element_type=\"widget\" data-widget_type=\"text-editor.default\">\n\t\t\t\t<div class=\"elementor-widget-container\">\n\t\t\t\t\t<div class=\"elementor-text-editor elementor-clearfix\"><h1><span style=\"font-size: 20px;\"><b>DEKORAT\u0150R-FILMNYOM\u00d3-C\u00cdMFEST\u0150<\/b><\/span><\/h1><\/div>\n\t\t\t\t<\/div>\n\t\t\t\t<\/div>\n\t\t\t\t<div class=\"elementor-element elementor-element-b490b50 elementor-widget elementor-widget-text-editor\" data-id=\"b490b50\" data-element_type=\"widget\" data-widget_type=\"text-editor.default\">\n\t\t\t\t<div class=\"elementor-widget-container\">\n\t\t\t\t\t<div class=\"elementor-text-editor elementor-clearfix\">v\u00e1llalkoz\u00e1s<\/div>\n\t\t\t\t<\/div>\n\t\t\t\t<\/div>\n\t\t\t\t<div class=\"elementor-element elementor-element-e53c1e5 elementor-widget elementor-widget-text-editor\" data-id=\"e53c1e5\" data-element_type=\"widget\" data-widget_type=\"text-editor.default\">\n\t\t\t\t<div class=\"elementor-widget-container\">\n\t\t\t\t\t<div class=\"elementor-text-editor elementor-clearfix\">Alap\u00edtva: 1981<\/div>\n\t\t\t\t<\/div>\n\t\t\t\t<\/div>\n\t\t\t\t<div class=\"elementor-element elementor-element-52d576a elementor-widget elementor-widget-spacer\" data-id=\"52d576a\" data-element_type=\"widget\" data-widget_type=\"spacer.default\">\n\t\t\t\t<div class=\"elementor-widget-container\">\n\t\t\t\t\t<div class=\"elementor-spacer\">\n\t\t\t<div class=\"elementor-spacer-inner\"><\/div>\n\t\t<\/div>\n\t\t\t\t<\/div>\n\t\t\t\t<\/div>\n\t\t\t\t<div class=\"elementor-element elementor-element-bdc4e99 elementor-widget elementor-widget-text-editor\" data-id=\"bdc4e99\" data-element_type=\"widget\" data-widget_type=\"text-editor.default\">\n\t\t\t\t<div class=\"elementor-widget-container\">\n\t\t\t\t\t<div class=\"elementor-text-editor elementor-clearfix\"><p><span style=\"font-weight: normal;\">\u25cfTELJESK\u00d6R\u0170 REKL\u00c1M SZOLG\u00c1LTAT\u00c1S.<\/span><\/p>\n<p><\/p>\n<p><span style=\"font-weight: normal;\">\u25cf GRAFIKAI MUNK\u00c1K TERVEZ\u00c9SE.<\/span><\/p>\n<p><\/p>\n<p><span style=\"font-weight: normal;\">\u25cf SZITANYOM\u00c1S MINDEN TER\u00dcLETRE.<\/span><\/p>\n<p><\/p>\n<p><span style=\"font-weight: normal;\">\u25cf P\u00d3L\u00d3K , MUNKARUH\u00c1K , SPORTMEZEK , DIVAT\u00c1R\u00da,<\/span><\/p>\n<p><span style=\"font-size: 20px; font-weight: normal;\">AJ\u00c1ND\u00c9KT\u00c1RGYAK ,\u00d6NTAPAD\u00d3S MATRIC\u00c1K, GOLY\u00d3STOLLAK,&nbsp;<\/span><\/p>\n<p><span style=\"font-size: 20px; font-weight: normal;\">M\u0170SZAKI ALKATR\u00c9SZEK TART\u00d3S SZITANYOM\u00c1SA .<br><\/span><\/p>\n<p><span style=\"font-size: 20px; font-weight: normal;\">\u25cf AUT\u00d3 REKL\u00c1M, KIRAKAT DEKOR, C\u00c9GT\u00c1BL\u00c1K KIVITELEZ\u00c9SE.<br><\/span><\/p>\n<p><span style=\"font-size: 20px; font-weight: normal;\">\u25cf K\u00c9RJEN \u00c1RAJ\u00c1NLATOT!<br><\/span><\/p>\n<p><span style=\"font-size: 20px; font-weight: normal;\">\u25cf ELK\u00c9PZEL\u00c9S &#8211; MEGVAL\u00d3S\u00cdT\u00c1S !<br><\/span><\/p>\n<p><span style=\"font-size: 20px; font-weight: normal;\">\u25cf R\u00d6VID HAT\u00c1RID\u0150, M\u00c9RS\u00c9KELT \u00c1R !<\/span><\/p><\/div>\n\t\t\t\t<\/div>\n\t\t\t\t<\/div>\n\t\t\t\t<div class=\"elementor-element elementor-element-586fc03 elementor-widget elementor-widget-spacer\" data-id=\"586fc03\" data-element_type=\"widget\" data-widget_type=\"spacer.default\">\n\t\t\t\t<div class=\"elementor-widget-container\">\n\t\t\t\t\t<div class=\"elementor-spacer\">\n\t\t\t<div class=\"elementor-spacer-inner\"><\/div>\n\t\t<\/div>\n\t\t\t\t<\/div>\n\t\t\t\t<\/div>\n\t\t\t\t\t\t<\/div>\n\t\t\t\t\t<\/div>\n\t\t<\/div>\n\t\t\t\t<div class=\"elementor-column elementor-col-33 elementor-top-column elementor-element elementor-element-f7a8055\" data-id=\"f7a8055\" data-element_type=\"column\">\n\t\t\t<div class=\"elementor-column-wrap\">\n\t\t\t\t\t\t\t<div class=\"elementor-widget-wrap\">\n\t\t\t\t\t\t\t\t<\/div>\n\t\t\t\t\t<\/div>\n\t\t<\/div>\n\t\t\t\t\t\t\t\t<\/div>\n\t\t\t\t\t<\/div>\n\t\t<\/section>\n\t\t\t\t\t\t<\/div>\n\t\t\t\t\t\t<\/div>\n\t\t\t\t\t<\/div>\n\t\t","protected":false},"excerpt":{"rendered":"<p>Rekl\u00e1m grafikai st\u00fadi\u00f3 Duna\u00fajv\u00e1ros DEKORAT\u0150R-FILMNYOM\u00d3-C\u00cdMFEST\u0150 v\u00e1llalkoz\u00e1sAlap\u00edtva: 1981 \u25cfTELJESK\u00d6R\u0170 REKL\u00c1M SZOLG\u00c1LTAT\u00c1S. \u25cf GRAFIKAI MUNK\u00c1K TERVEZ\u00c9SE. \u25cf SZITANYOM\u00c1S MINDEN TER\u00dcLETRE. \u25cf P\u00d3L\u00d3K , MUNKARUH\u00c1K , SPORTMEZEK , DIVAT\u00c1R\u00da, AJ\u00c1ND\u00c9KT\u00c1RGYAK ,\u00d6NTAPAD\u00d3S MATRIC\u00c1K, GOLY\u00d3STOLLAK,&nbsp; M\u0170SZAKI ALKATR\u00c9SZEK TART\u00d3S SZITANYOM\u00c1SA .<\/p>\n<div class=\"blog-buttons\"><a href=\"https:\/\/xn--dekormoj-gza.hu\/\" class=\"more-link\">Read More<\/a><\/div>\n","protected":false},"author":1,"featured_media":0,"parent":0,"menu_order":0,"comment_status":"closed","ping_status":"closed","template":"elementor_header_footer","meta":[],"_links":{"self":[{"href":"https:\/\/xn--dekormoj-gza.hu\/index.php?rest_route=\/wp\/v2\/pages\/26"}],"collection":[{"href":"https:\/\/xn--dekormoj-gza.hu\/index.php?rest_route=\/wp\/v2\/pages"}],"about":[{"href":"https:\/\/xn--dekormoj-gza.hu\/index.php?rest_route=\/wp\/v2\/types\/page"}],"author":[{"embeddable":true,"href":"https:\/\/xn--dekormoj-gza.hu\/index.php?rest_route=\/wp\/v2\/users\/1"}],"replies":[{"embeddable":true,"href":"https:\/\/xn--dekormoj-gza.hu\/index.php?rest_route=%2Fwp%2Fv2%2Fcomments&post=26"}],"version-history":[{"count":81,"href":"https:\/\/xn--dekormoj-gza.hu\/index.php?rest_route=\/wp\/v2\/pages\/26\/revisions"}],"predecessor-version":[{"id":384,"href":"https:\/\/xn--dekormoj-gza.hu\/index.php?rest_route=\/wp\/v2\/pages\/26\/revisions\/384"}],"wp:attachment":[{"href":"https:\/\/xn--dekormoj-gza.hu\/index.php?rest_route=%2Fwp%2Fv2%2Fmedia&parent=26"}],"curies":[{"name":"wp","href":"https:\/\/api.w.org\/{rel}","templated":true}]}}