{"id":34,"date":"2020-08-29T17:03:06","date_gmt":"2020-08-29T17:03:06","guid":{"rendered":"http:\/\/xn--dekormoj-gza.hu\/?page_id=34"},"modified":"2020-09-07T12:01:59","modified_gmt":"2020-09-07T12:01:59","slug":"referenciaink","status":"publish","type":"page","link":"https:\/\/xn--dekormoj-gza.hu\/?page_id=34","title":{"rendered":"Referenci\u00e1ink"},"content":{"rendered":"\t\t<div data-elementor-type=\"wp-page\" data-elementor-id=\"34\" class=\"elementor elementor-34\" data-elementor-settings=\"[]\">\n\t\t\t\t\t\t<div class=\"elementor-inner\">\n\t\t\t\t\t\t\t<div class=\"elementor-section-wrap\">\n\t\t\t\t\t\t\t<section class=\"elementor-section elementor-top-section elementor-element elementor-element-7f30026 elementor-section-full_width elementor-section-stretched elementor-section-height-default elementor-section-height-default\" data-id=\"7f30026\" data-element_type=\"section\" data-settings=\"{&quot;stretch_section&quot;:&quot;section-stretched&quot;,&quot;background_background&quot;:&quot;slideshow&quot;,&quot;background_slideshow_gallery&quot;:[{&quot;id&quot;:48,&quot;url&quot;:&quot;http:\\\/\\\/xn--dekormoj-gza.hu\\\/wp-content\\\/uploads\\\/2020\\\/09\\\/Background-image.jpg&quot;}],&quot;background_slideshow_slide_duration&quot;:5000,&quot;background_slideshow_slide_transition&quot;:&quot;fade&quot;,&quot;background_slideshow_transition_duration&quot;:500}\">\n\t\t\t\t\t\t<div class=\"elementor-container elementor-column-gap-default\">\n\t\t\t\t\t\t\t<div class=\"elementor-row\">\n\t\t\t\t\t<div class=\"elementor-column elementor-col-100 elementor-top-column elementor-element elementor-element-d0d25b1\" data-id=\"d0d25b1\" data-element_type=\"column\">\n\t\t\t<div class=\"elementor-column-wrap elementor-element-populated\">\n\t\t\t\t\t\t\t<div class=\"elementor-widget-wrap\">\n\t\t\t\t\t\t<div class=\"elementor-element elementor-element-7ff7dff elementor-widget elementor-widget-spacer\" data-id=\"7ff7dff\" data-element_type=\"widget\" data-widget_type=\"spacer.default\">\n\t\t\t\t<div class=\"elementor-widget-container\">\n\t\t\t\t\t<div class=\"elementor-spacer\">\n\t\t\t<div class=\"elementor-spacer-inner\"><\/div>\n\t\t<\/div>\n\t\t\t\t<\/div>\n\t\t\t\t<\/div>\n\t\t\t\t<div class=\"elementor-element elementor-element-b4197c3 elementor-arrows-position-inside elementor-widget elementor-widget-image-carousel\" data-id=\"b4197c3\" data-element_type=\"widget\" data-settings=\"{&quot;slides_to_show&quot;:&quot;1&quot;,&quot;navigation&quot;:&quot;arrows&quot;,&quot;autoplay&quot;:&quot;yes&quot;,&quot;pause_on_hover&quot;:&quot;yes&quot;,&quot;pause_on_interaction&quot;:&quot;yes&quot;,&quot;autoplay_speed&quot;:5000,&quot;infinite&quot;:&quot;yes&quot;,&quot;effect&quot;:&quot;slide&quot;,&quot;speed&quot;:500}\" data-widget_type=\"image-carousel.default\">\n\t\t\t\t<div class=\"elementor-widget-container\">\n\t\t\t\t\t<div class=\"elementor-image-carousel-wrapper swiper-container\" dir=\"ltr\">\n\t\t\t<div class=\"elementor-image-carousel swiper-wrapper\">\n\t\t\t\t<div class=\"swiper-slide\"><figure class=\"swiper-slide-inner\"><img class=\"swiper-slide-image\" src=\"https:\/\/xn--dekormoj-gza.hu\/wp-content\/uploads\/2020\/09\/IMAG0675.jpg\" alt=\"IMAG0675\" \/><\/figure><\/div><div class=\"swiper-slide\"><figure class=\"swiper-slide-inner\"><img class=\"swiper-slide-image\" src=\"https:\/\/xn--dekormoj-gza.hu\/wp-content\/uploads\/2020\/09\/IMAG0486.jpg\" alt=\"IMAG0486\" \/><\/figure><\/div><div class=\"swiper-slide\"><figure class=\"swiper-slide-inner\"><img class=\"swiper-slide-image\" src=\"https:\/\/xn--dekormoj-gza.hu\/wp-content\/uploads\/2020\/09\/IMAG0485.jpg\" alt=\"IMAG0485\" \/><\/figure><\/div><div class=\"swiper-slide\"><figure class=\"swiper-slide-inner\"><img class=\"swiper-slide-image\" src=\"https:\/\/xn--dekormoj-gza.hu\/wp-content\/uploads\/2020\/09\/IMAG0423.jpg\" alt=\"IMAG0423\" \/><\/figure><\/div><div class=\"swiper-slide\"><figure class=\"swiper-slide-inner\"><img class=\"swiper-slide-image\" src=\"https:\/\/xn--dekormoj-gza.hu\/wp-content\/uploads\/2020\/09\/IMAG0254.jpg\" alt=\"IMAG0254\" \/><\/figure><\/div><div class=\"swiper-slide\"><figure class=\"swiper-slide-inner\"><img class=\"swiper-slide-image\" src=\"https:\/\/xn--dekormoj-gza.hu\/wp-content\/uploads\/2020\/09\/IMAG0203.jpg\" alt=\"IMAG0203\" \/><\/figure><\/div><div class=\"swiper-slide\"><figure class=\"swiper-slide-inner\"><img class=\"swiper-slide-image\" src=\"https:\/\/xn--dekormoj-gza.hu\/wp-content\/uploads\/2020\/09\/IMAG0147.jpg\" alt=\"IMAG0147\" \/><\/figure><\/div><div class=\"swiper-slide\"><figure class=\"swiper-slide-inner\"><img class=\"swiper-slide-image\" src=\"https:\/\/xn--dekormoj-gza.hu\/wp-content\/uploads\/2020\/09\/IMAG0140.jpg\" alt=\"IMAG0140\" \/><\/figure><\/div><div class=\"swiper-slide\"><figure class=\"swiper-slide-inner\"><img class=\"swiper-slide-image\" src=\"https:\/\/xn--dekormoj-gza.hu\/wp-content\/uploads\/2020\/09\/DSC_1006.jpg\" alt=\"DSC_1006\" \/><\/figure><\/div><div class=\"swiper-slide\"><figure class=\"swiper-slide-inner\"><img class=\"swiper-slide-image\" src=\"https:\/\/xn--dekormoj-gza.hu\/wp-content\/uploads\/2020\/09\/DSC_0861.jpg\" alt=\"DSC_0861\" \/><\/figure><\/div><div class=\"swiper-slide\"><figure class=\"swiper-slide-inner\"><img class=\"swiper-slide-image\" src=\"https:\/\/xn--dekormoj-gza.hu\/wp-content\/uploads\/2020\/09\/DSC_0748.jpg\" alt=\"DSC_0748\" \/><\/figure><\/div><div class=\"swiper-slide\"><figure class=\"swiper-slide-inner\"><img class=\"swiper-slide-image\" src=\"https:\/\/xn--dekormoj-gza.hu\/wp-content\/uploads\/2020\/09\/DSC_0621.jpg\" alt=\"DSC_0621\" \/><\/figure><\/div><div class=\"swiper-slide\"><figure class=\"swiper-slide-inner\"><img class=\"swiper-slide-image\" src=\"https:\/\/xn--dekormoj-gza.hu\/wp-content\/uploads\/2020\/09\/DSC_0357.jpg\" alt=\"DSC_0357\" \/><\/figure><\/div><div class=\"swiper-slide\"><figure class=\"swiper-slide-inner\"><img class=\"swiper-slide-image\" src=\"https:\/\/xn--dekormoj-gza.hu\/wp-content\/uploads\/2020\/09\/DSC_0338.jpg\" alt=\"DSC_0338\" \/><\/figure><\/div><div class=\"swiper-slide\"><figure class=\"swiper-slide-inner\"><img class=\"swiper-slide-image\" src=\"https:\/\/xn--dekormoj-gza.hu\/wp-content\/uploads\/2020\/09\/DSC_0299.jpg\" alt=\"DSC_0299\" \/><\/figure><\/div><div class=\"swiper-slide\"><figure class=\"swiper-slide-inner\"><img class=\"swiper-slide-image\" src=\"https:\/\/xn--dekormoj-gza.hu\/wp-content\/uploads\/2020\/09\/DSC_0278.jpg\" alt=\"DSC_0278\" \/><\/figure><\/div><div class=\"swiper-slide\"><figure class=\"swiper-slide-inner\"><img class=\"swiper-slide-image\" src=\"https:\/\/xn--dekormoj-gza.hu\/wp-content\/uploads\/2020\/09\/DSC_0223.jpg\" alt=\"DSC_0223\" \/><\/figure><\/div><div class=\"swiper-slide\"><figure class=\"swiper-slide-inner\"><img class=\"swiper-slide-image\" src=\"https:\/\/xn--dekormoj-gza.hu\/wp-content\/uploads\/2020\/09\/DSC_0222.jpg\" alt=\"DSC_0222\" \/><\/figure><\/div><div class=\"swiper-slide\"><figure class=\"swiper-slide-inner\"><img class=\"swiper-slide-image\" src=\"https:\/\/xn--dekormoj-gza.hu\/wp-content\/uploads\/2020\/09\/DSC_0175.jpg\" alt=\"DSC_0175\" \/><\/figure><\/div><div class=\"swiper-slide\"><figure class=\"swiper-slide-inner\"><img class=\"swiper-slide-image\" src=\"https:\/\/xn--dekormoj-gza.hu\/wp-content\/uploads\/2020\/09\/DSC_0172.jpg\" alt=\"DSC_0172\" \/><\/figure><\/div><div class=\"swiper-slide\"><figure class=\"swiper-slide-inner\"><img class=\"swiper-slide-image\" src=\"https:\/\/xn--dekormoj-gza.hu\/wp-content\/uploads\/2020\/09\/DSC_0151.jpg\" alt=\"DSC_0151\" \/><\/figure><\/div><div class=\"swiper-slide\"><figure class=\"swiper-slide-inner\"><img class=\"swiper-slide-image\" src=\"https:\/\/xn--dekormoj-gza.hu\/wp-content\/uploads\/2020\/09\/DSC_0129_1.jpg\" alt=\"DSC_0129_1\" \/><\/figure><\/div><div class=\"swiper-slide\"><figure class=\"swiper-slide-inner\"><img class=\"swiper-slide-image\" src=\"https:\/\/xn--dekormoj-gza.hu\/wp-content\/uploads\/2020\/09\/DSC_0102_1.jpg\" alt=\"DSC_0102_1\" \/><\/figure><\/div><div class=\"swiper-slide\"><figure class=\"swiper-slide-inner\"><img class=\"swiper-slide-image\" src=\"https:\/\/xn--dekormoj-gza.hu\/wp-content\/uploads\/2020\/09\/DSC_0083_3.jpg\" alt=\"DSC_0083_3\" \/><\/figure><\/div><div class=\"swiper-slide\"><figure class=\"swiper-slide-inner\"><img class=\"swiper-slide-image\" src=\"https:\/\/xn--dekormoj-gza.hu\/wp-content\/uploads\/2020\/09\/DSC_0057.jpg\" alt=\"DSC_0057\" \/><\/figure><\/div><div class=\"swiper-slide\"><figure class=\"swiper-slide-inner\"><img class=\"swiper-slide-image\" src=\"https:\/\/xn--dekormoj-gza.hu\/wp-content\/uploads\/2020\/09\/DSC_0056_4.jpg\" alt=\"DSC_0056_4\" \/><\/figure><\/div><div class=\"swiper-slide\"><figure class=\"swiper-slide-inner\"><img class=\"swiper-slide-image\" src=\"https:\/\/xn--dekormoj-gza.hu\/wp-content\/uploads\/2020\/09\/DSC_0053_1.jpg\" alt=\"DSC_0053_1\" \/><\/figure><\/div><div class=\"swiper-slide\"><figure class=\"swiper-slide-inner\"><img class=\"swiper-slide-image\" src=\"https:\/\/xn--dekormoj-gza.hu\/wp-content\/uploads\/2020\/09\/DSC_0052_2.jpg\" alt=\"DSC_0052_2\" \/><\/figure><\/div><div class=\"swiper-slide\"><figure class=\"swiper-slide-inner\"><img class=\"swiper-slide-image\" src=\"https:\/\/xn--dekormoj-gza.hu\/wp-content\/uploads\/2020\/09\/DSC_0048.jpg\" alt=\"DSC_0048\" \/><\/figure><\/div><div class=\"swiper-slide\"><figure class=\"swiper-slide-inner\"><img class=\"swiper-slide-image\" src=\"https:\/\/xn--dekormoj-gza.hu\/wp-content\/uploads\/2020\/09\/DSC_0029_5.jpg\" alt=\"DSC_0029_5\" \/><\/figure><\/div><div class=\"swiper-slide\"><figure class=\"swiper-slide-inner\"><img class=\"swiper-slide-image\" src=\"https:\/\/xn--dekormoj-gza.hu\/wp-content\/uploads\/2020\/09\/DSC_0027_2.jpg\" alt=\"DSC_0027_2\" \/><\/figure><\/div><div class=\"swiper-slide\"><figure class=\"swiper-slide-inner\"><img class=\"swiper-slide-image\" src=\"https:\/\/xn--dekormoj-gza.hu\/wp-content\/uploads\/2020\/09\/DSC_0023_3.jpg\" alt=\"DSC_0023_3\" \/><\/figure><\/div><div class=\"swiper-slide\"><figure class=\"swiper-slide-inner\"><img class=\"swiper-slide-image\" src=\"https:\/\/xn--dekormoj-gza.hu\/wp-content\/uploads\/2020\/09\/DSC_0021_3.jpg\" alt=\"DSC_0021_3\" \/><\/figure><\/div><div class=\"swiper-slide\"><figure class=\"swiper-slide-inner\"><img class=\"swiper-slide-image\" src=\"https:\/\/xn--dekormoj-gza.hu\/wp-content\/uploads\/2020\/09\/DSC_0017.jpg\" alt=\"DSC_0017\" \/><\/figure><\/div><div class=\"swiper-slide\"><figure class=\"swiper-slide-inner\"><img class=\"swiper-slide-image\" src=\"https:\/\/xn--dekormoj-gza.hu\/wp-content\/uploads\/2020\/09\/DSC_0015_4.jpg\" alt=\"DSC_0015_4\" \/><\/figure><\/div><div class=\"swiper-slide\"><figure class=\"swiper-slide-inner\"><img class=\"swiper-slide-image\" src=\"https:\/\/xn--dekormoj-gza.hu\/wp-content\/uploads\/2020\/09\/DSC_0015_2.jpg\" alt=\"DSC_0015_2\" \/><\/figure><\/div><div class=\"swiper-slide\"><figure class=\"swiper-slide-inner\"><img class=\"swiper-slide-image\" src=\"https:\/\/xn--dekormoj-gza.hu\/wp-content\/uploads\/2020\/09\/DSC_0014_5.jpg\" alt=\"DSC_0014_5\" \/><\/figure><\/div><div class=\"swiper-slide\"><figure class=\"swiper-slide-inner\"><img class=\"swiper-slide-image\" src=\"https:\/\/xn--dekormoj-gza.hu\/wp-content\/uploads\/2020\/09\/DSC_0012_3.jpg\" alt=\"DSC_0012_3\" \/><\/figure><\/div><div class=\"swiper-slide\"><figure class=\"swiper-slide-inner\"><img class=\"swiper-slide-image\" src=\"https:\/\/xn--dekormoj-gza.hu\/wp-content\/uploads\/2020\/09\/DSC_0007_7.jpg\" alt=\"DSC_0007_7\" \/><\/figure><\/div><div class=\"swiper-slide\"><figure class=\"swiper-slide-inner\"><img class=\"swiper-slide-image\" src=\"https:\/\/xn--dekormoj-gza.hu\/wp-content\/uploads\/2020\/09\/DSC_0005_9.jpg\" alt=\"DSC_0005_9\" \/><\/figure><\/div><div class=\"swiper-slide\"><figure class=\"swiper-slide-inner\"><img class=\"swiper-slide-image\" src=\"https:\/\/xn--dekormoj-gza.hu\/wp-content\/uploads\/2020\/09\/DSC_0004_11.jpg\" alt=\"DSC_0004_11\" \/><\/figure><\/div><div class=\"swiper-slide\"><figure class=\"swiper-slide-inner\"><img class=\"swiper-slide-image\" src=\"https:\/\/xn--dekormoj-gza.hu\/wp-content\/uploads\/2020\/09\/DSC_0003.jpg\" alt=\"DSC_0003\" \/><\/figure><\/div><div class=\"swiper-slide\"><figure class=\"swiper-slide-inner\"><img class=\"swiper-slide-image\" src=\"https:\/\/xn--dekormoj-gza.hu\/wp-content\/uploads\/2020\/09\/DSC_0002_2.jpg\" alt=\"DSC_0002_2\" \/><\/figure><\/div><div class=\"swiper-slide\"><figure class=\"swiper-slide-inner\"><img class=\"swiper-slide-image\" src=\"https:\/\/xn--dekormoj-gza.hu\/wp-content\/uploads\/2020\/09\/DSC_0001_11.jpg\" alt=\"DSC_0001_11\" \/><\/figure><\/div><div class=\"swiper-slide\"><figure class=\"swiper-slide-inner\"><img class=\"swiper-slide-image\" src=\"https:\/\/xn--dekormoj-gza.hu\/wp-content\/uploads\/2020\/09\/DSC_0001_7.jpg\" alt=\"DSC_0001_7\" \/><\/figure><\/div><div class=\"swiper-slide\"><figure class=\"swiper-slide-inner\"><img class=\"swiper-slide-image\" src=\"https:\/\/xn--dekormoj-gza.hu\/wp-content\/uploads\/2020\/09\/DSC_0001_4.jpg\" alt=\"DSC_0001_4\" \/><\/figure><\/div><div class=\"swiper-slide\"><figure class=\"swiper-slide-inner\"><img class=\"swiper-slide-image\" src=\"https:\/\/xn--dekormoj-gza.hu\/wp-content\/uploads\/2020\/09\/20140614014.jpg\" alt=\"20140614014\" \/><\/figure><\/div>\t\t\t<\/div>\n\t\t\t\t\t\t\t\t\t\t\t\t\t\t\t\t<div class=\"elementor-swiper-button elementor-swiper-button-prev\">\n\t\t\t\t\t\t<i class=\"eicon-chevron-left\" aria-hidden=\"true\"><\/i>\n\t\t\t\t\t\t<span class=\"elementor-screen-only\">El\u0151z\u0151<\/span>\n\t\t\t\t\t<\/div>\n\t\t\t\t\t<div class=\"elementor-swiper-button elementor-swiper-button-next\">\n\t\t\t\t\t\t<i class=\"eicon-chevron-right\" aria-hidden=\"true\"><\/i>\n\t\t\t\t\t\t<span class=\"elementor-screen-only\">K\u00f6vetkez\u0151<\/span>\n\t\t\t\t\t<\/div>\n\t\t\t\t\t\t\t\t\t<\/div>\n\t\t\t\t<\/div>\n\t\t\t\t<\/div>\n\t\t\t\t<div class=\"elementor-element elementor-element-43c60ef elementor-widget elementor-widget-spacer\" data-id=\"43c60ef\" data-element_type=\"widget\" data-widget_type=\"spacer.default\">\n\t\t\t\t<div class=\"elementor-widget-container\">\n\t\t\t\t\t<div class=\"elementor-spacer\">\n\t\t\t<div class=\"elementor-spacer-inner\"><\/div>\n\t\t<\/div>\n\t\t\t\t<\/div>\n\t\t\t\t<\/div>\n\t\t\t\t\t\t<\/div>\n\t\t\t\t\t<\/div>\n\t\t<\/div>\n\t\t\t\t\t\t\t\t<\/div>\n\t\t\t\t\t<\/div>\n\t\t<\/section>\n\t\t\t\t\t\t<\/div>\n\t\t\t\t\t\t<\/div>\n\t\t\t\t\t<\/div>\n\t\t","protected":false},"excerpt":{"rendered":"<p>El\u0151z\u0151 K\u00f6vetkez\u0151<\/p>\n","protected":false},"author":1,"featured_media":0,"parent":0,"menu_order":0,"comment_status":"closed","ping_status":"closed","template":"elementor_header_footer","meta":[],"_links":{"self":[{"href":"https:\/\/xn--dekormoj-gza.hu\/index.php?rest_route=\/wp\/v2\/pages\/34"}],"collection":[{"href":"https:\/\/xn--dekormoj-gza.hu\/index.php?rest_route=\/wp\/v2\/pages"}],"about":[{"href":"https:\/\/xn--dekormoj-gza.hu\/index.php?rest_route=\/wp\/v2\/types\/page"}],"author":[{"embeddable":true,"href":"https:\/\/xn--dekormoj-gza.hu\/index.php?rest_route=\/wp\/v2\/users\/1"}],"replies":[{"embeddable":true,"href":"https:\/\/xn--dekormoj-gza.hu\/index.php?rest_route=%2Fwp%2Fv2%2Fcomments&post=34"}],"version-history":[{"count":17,"href":"https:\/\/xn--dekormoj-gza.hu\/index.php?rest_route=\/wp\/v2\/pages\/34\/revisions"}],"predecessor-version":[{"id":381,"href":"https:\/\/xn--dekormoj-gza.hu\/index.php?rest_route=\/wp\/v2\/pages\/34\/revisions\/381"}],"wp:attachment":[{"href":"https:\/\/xn--dekormoj-gza.hu\/index.php?rest_route=%2Fwp%2Fv2%2Fmedia&parent=34"}],"curies":[{"name":"wp","href":"https:\/\/api.w.org\/{rel}","templated":true}]}}