{"id":346,"date":"2020-09-04T11:40:12","date_gmt":"2020-09-04T11:40:12","guid":{"rendered":"http:\/\/xn--dekormoj-gza.hu\/?page_id=346"},"modified":"2020-09-12T13:03:43","modified_gmt":"2020-09-12T13:03:43","slug":"impresszum","status":"publish","type":"page","link":"https:\/\/xn--dekormoj-gza.hu\/?page_id=346","title":{"rendered":"Impresszum"},"content":{"rendered":"\t\t<div data-elementor-type=\"wp-page\" data-elementor-id=\"346\" class=\"elementor elementor-346\" data-elementor-settings=\"[]\">\n\t\t\t\t\t\t<div class=\"elementor-inner\">\n\t\t\t\t\t\t\t<div class=\"elementor-section-wrap\">\n\t\t\t\t\t\t\t<section class=\"elementor-section elementor-top-section elementor-element elementor-element-89de180 elementor-section-boxed elementor-section-height-default elementor-section-height-default\" data-id=\"89de180\" data-element_type=\"section\">\n\t\t\t\t\t\t<div class=\"elementor-container elementor-column-gap-default\">\n\t\t\t\t\t\t\t<div class=\"elementor-row\">\n\t\t\t\t\t<div class=\"elementor-column elementor-col-100 elementor-top-column elementor-element elementor-element-dc008cb\" data-id=\"dc008cb\" data-element_type=\"column\">\n\t\t\t<div class=\"elementor-column-wrap elementor-element-populated\">\n\t\t\t\t\t\t\t<div class=\"elementor-widget-wrap\">\n\t\t\t\t\t\t<div class=\"elementor-element elementor-element-0aaf5d5 elementor-widget elementor-widget-heading\" data-id=\"0aaf5d5\" data-element_type=\"widget\" data-widget_type=\"heading.default\">\n\t\t\t\t<div class=\"elementor-widget-container\">\n\t\t\t<h2 class=\"elementor-heading-title elementor-size-default\">Impresszum <\/h2>\t\t<\/div>\n\t\t\t\t<\/div>\n\t\t\t\t<div class=\"elementor-element elementor-element-016fd06 elementor-widget elementor-widget-text-editor\" data-id=\"016fd06\" data-element_type=\"widget\" data-widget_type=\"text-editor.default\">\n\t\t\t\t<div class=\"elementor-widget-container\">\n\t\t\t\t\t<div class=\"elementor-text-editor elementor-clearfix\"><p>N\u00e9v: Moln\u00e1r J\u00e1nos E.V.<\/p><p>Telephely: 2400 Duna\u00fajv\u00e1ros Erkel kert 10.<\/p><p>Ad\u00f3sz\u00e1m.: 46046372-2-27<\/p><p>Kamarai nyilv\u00e1ntart\u00e1si sz\u00e1m: DU46046372<\/p><p>El\u00e9rhet\u0151s\u00e9g:&nbsp;<\/p><p>+36 30 281 6908<\/p><p>molnardekor54@gmail.com<\/p><p>T\u00e1rhely szolg\u00e1ltat\u00f3 el\u00e9rhet\u0151s\u00e9gek:&nbsp;<\/p><p>EV2 Internet Kft.<\/p><p>1149 Budapest, R\u00f3na \u00fat 120-122.<\/p><p>Tel: +36-1-460-0104, +36-70-338-4091<\/p><p>email: info@cpanel.hu<\/p><p>Banksz\u00e1mla: 14100213-70653149-01000002<\/p><p>IBAN: HU 98 14100213-70653149-01000002<\/p><p>SWIFT k\u00f3d: MAVOHUHB<\/p><p>Ad\u00f3sz\u00e1m: 13335072-2-42<\/p><\/div>\n\t\t\t\t<\/div>\n\t\t\t\t<\/div>\n\t\t\t\t\t\t<\/div>\n\t\t\t\t\t<\/div>\n\t\t<\/div>\n\t\t\t\t\t\t\t\t<\/div>\n\t\t\t\t\t<\/div>\n\t\t<\/section>\n\t\t\t\t\t\t<\/div>\n\t\t\t\t\t\t<\/div>\n\t\t\t\t\t<\/div>\n\t\t","protected":false},"excerpt":{"rendered":"<p>Impresszum N\u00e9v: Moln\u00e1r J\u00e1nos E.V. Telephely: 2400 Duna\u00fajv\u00e1ros Erkel kert 10. Ad\u00f3sz\u00e1m.: 46046372-2-27 Kamarai nyilv\u00e1ntart\u00e1si sz\u00e1m: DU46046372 El\u00e9rhet\u0151s\u00e9g:&nbsp; +36 30 281 6908 molnardekor54@gmail.com T\u00e1rhely szolg\u00e1ltat\u00f3 el\u00e9rhet\u0151s\u00e9gek:&nbsp; EV2 Internet Kft. 1149 Budapest, R\u00f3na \u00fat 120-122. Tel:<\/p>\n<div class=\"blog-buttons\"><a href=\"https:\/\/xn--dekormoj-gza.hu\/?page_id=346\" class=\"more-link\">Read More<\/a><\/div>\n","protected":false},"author":1,"featured_media":0,"parent":0,"menu_order":0,"comment_status":"closed","ping_status":"closed","template":"elementor_header_footer","meta":[],"_links":{"self":[{"href":"https:\/\/xn--dekormoj-gza.hu\/index.php?rest_route=\/wp\/v2\/pages\/346"}],"collection":[{"href":"https:\/\/xn--dekormoj-gza.hu\/index.php?rest_route=\/wp\/v2\/pages"}],"about":[{"href":"https:\/\/xn--dekormoj-gza.hu\/index.php?rest_route=\/wp\/v2\/types\/page"}],"author":[{"embeddable":true,"href":"https:\/\/xn--dekormoj-gza.hu\/index.php?rest_route=\/wp\/v2\/users\/1"}],"replies":[{"embeddable":true,"href":"https:\/\/xn--dekormoj-gza.hu\/index.php?rest_route=%2Fwp%2Fv2%2Fcomments&post=346"}],"version-history":[{"count":8,"href":"https:\/\/xn--dekormoj-gza.hu\/index.php?rest_route=\/wp\/v2\/pages\/346\/revisions"}],"predecessor-version":[{"id":385,"href":"https:\/\/xn--dekormoj-gza.hu\/index.php?rest_route=\/wp\/v2\/pages\/346\/revisions\/385"}],"wp:attachment":[{"href":"https:\/\/xn--dekormoj-gza.hu\/index.php?rest_route=%2Fwp%2Fv2%2Fmedia&parent=346"}],"curies":[{"name":"wp","href":"https:\/\/api.w.org\/{rel}","templated":true}]}}